{"id":277,"date":"2023-09-21T17:18:24","date_gmt":"2023-09-21T20:18:24","guid":{"rendered":"https:\/\/www.blendpf.com.br\/site\/?page_id=277"},"modified":"2024-10-14T12:17:39","modified_gmt":"2024-10-14T15:17:39","slug":"ouvidoria","status":"publish","type":"page","link":"https:\/\/www.blendpf.com.br\/site\/ouvidoria\/","title":{"rendered":"Ouvidoria"},"content":{"rendered":"<p>A Blend Solution valoriza sua opini\u00e3o.<\/p>\n<p>Nossa Ouvidoria \u00e9 um canal de comunica\u00e7\u00e3o para den\u00fancias de Trabalho infantil e jovens trabalhadores, Sal\u00e1rios e benef\u00edcios, Jornada de trabalho, Escravid\u00e3o moderna (escravid\u00e3o, servid\u00e3o e trabalho for\u00e7ado ou compuls\u00f3rio e tr\u00e1fico de pessoas), Recrutamento \u00e9tico, Liberdade de associa\u00e7\u00e3o e negocia\u00e7\u00e3o coletiva, N\u00e3o discrimina\u00e7\u00e3o e ass\u00e9dio, Direitos da mulher, Diversidade, equidade e inclus\u00e3o, Direitos das minorias e dos povos ind\u00edgenas, Direitos \u00e0 terra, floresta, \u00e1gua e despejo compuls\u00f3rio, Uso de for\u00e7as de seguran\u00e7a privada ou p\u00fablica, Sa\u00fade e seguran\u00e7a, Anticorrup\u00e7\u00e3o e anti lavagem de dinheiro, Prote\u00e7\u00e3o e seguran\u00e7a de dados, Responsabilidade financeira (Registros precisos), Divulga\u00e7\u00e3o de informa\u00e7\u00f5es, Concorr\u00eancia justa e antitruste, Conflitos de interesses, Propriedade intelectual, Controles de exporta\u00e7\u00e3o e san\u00e7\u00f5es, econ\u00f4micas, Den\u00fancia de atos il\u00edcitos e prote\u00e7\u00e3o contra retalia\u00e7\u00e3o, Emiss\u00f5es de GEE, Efici\u00eancia energ\u00e9tica, Energia renov\u00e1vel, Descarboniza\u00e7\u00e3o, Qualidade, consumo e gest\u00e3o da \u00e1gua, Qualidade do ar, Gest\u00e3o qu\u00edmica respons\u00e1vel, Gest\u00e3o sustent\u00e1vel de recursos, Redu\u00e7\u00e3o de res\u00edduos, Reutiliza\u00e7\u00e3o e reciclagem, Bem-estar animal, Biodiversidade, uso da terra e desmatamento, Qualidade do solo, Emiss\u00f5es de ru\u00eddos, Informa\u00e7\u00e3o de fornecedores\u00a0entre\u00a0outros.<\/p>\n<p>Nosso objetivo \u00e9 implementar politicas sociais, governamentais e ambientais. Juntos, podemos melhorar continuamente\u00a0nosso\u00a0planeta.<\/p>\n<div role=\"form\" class=\"wpcf7\" id=\"wpcf7-f276-o1\" lang=\"pt-BR\" dir=\"ltr\">\n<div class=\"screen-reader-response\"><\/div>\n<form action=\"\/site\/wp-json\/wp\/v2\/pages\/277#wpcf7-f276-o1\" method=\"post\" class=\"wpcf7-form\" novalidate=\"novalidate\">\n<div style=\"display: none;\">\n<input type=\"hidden\" name=\"_wpcf7\" value=\"276\" \/>\n<input type=\"hidden\" name=\"_wpcf7_version\" value=\"4.3.1\" \/>\n<input type=\"hidden\" name=\"_wpcf7_locale\" value=\"pt_BR\" \/>\n<input type=\"hidden\" name=\"_wpcf7_unit_tag\" value=\"wpcf7-f276-o1\" \/>\n<input type=\"hidden\" name=\"_wpnonce\" value=\"8a35f590f9\" \/>\n<\/div>\n<p>Nome (opcional)<br \/>\n<span class=\"wpcf7-form-control-wrap nome\"><input type=\"text\" name=\"nome\" value=\"\" size=\"40\" class=\"wpcf7-form-control wpcf7-text\" aria-invalid=\"false\" \/><\/span> <\/p>\n<p>E-mail (opcional)<br \/>\n<span class=\"wpcf7-form-control-wrap email\"><input type=\"email\" name=\"email\" value=\"\" size=\"40\" class=\"wpcf7-form-control wpcf7-text wpcf7-email wpcf7-validates-as-email\" aria-invalid=\"false\" \/><\/span><\/p>\n<p>Telefone (opcional)<br \/>\n<span class=\"wpcf7-form-control-wrap telefone\"><input type=\"text\" name=\"telefone\" value=\"\" size=\"40\" class=\"wpcf7-form-control wpcf7-text\" aria-invalid=\"false\" \/><\/span><\/p>\n<p>Cidade e estado (opcional)<br \/>\n<span class=\"wpcf7-form-control-wrap cidade\"><input type=\"text\" name=\"cidade\" value=\"\" size=\"40\" class=\"wpcf7-form-control wpcf7-text\" aria-invalid=\"false\" \/><\/span> <\/p>\n<p>Mensagem<br \/>\n<span class=\"wpcf7-form-control-wrap mensagem\"><textarea name=\"mensagem\" cols=\"40\" rows=\"10\" class=\"wpcf7-form-control wpcf7-textarea wpcf7-validates-as-required\" aria-required=\"true\" aria-invalid=\"false\"><\/textarea><\/span><\/p>\n<p>C\u00f3digo Anti-Spam<br \/>\n<input type=\"hidden\" name=\"_wpcf7_captcha_challenge_captcha\" value=\"3642494002\" \/><img loading=\"lazy\" decoding=\"async\" class=\"wpcf7-form-control wpcf7-captchac wpcf7-captcha-captcha\" width=\"72\" height=\"24\" alt=\"captcha\" src=\"https:\/\/www.blendpf.com.br\/site\/wp-content\/uploads\/wpcf7_captcha\/3642494002.png\" \/><\/p>\n<p>Digite o c\u00f3digo Anti-Spam<br \/>\n<span class=\"wpcf7-form-control-wrap captcha\"><input type=\"text\" name=\"captcha\" value=\"\" size=\"40\" class=\"wpcf7-form-control wpcf7-captchar\" aria-invalid=\"false\" \/><\/span> <\/p>\n<p><input type=\"submit\" value=\"Enviar\" class=\"wpcf7-form-control wpcf7-submit\" \/><\/p>\n<div class=\"wpcf7-response-output wpcf7-display-none\"><\/div><\/form><\/div>\n","protected":false},"excerpt":{"rendered":"<p>A Blend Solution valoriza sua opini\u00e3o. Nossa Ouvidoria \u00e9 um canal de comunica\u00e7\u00e3o para den\u00fancias [&hellip;]<\/p>\n","protected":false},"author":1,"featured_media":0,"parent":0,"menu_order":0,"comment_status":"closed","ping_status":"closed","template":"","meta":{"footnotes":""},"class_list":["post-277","page","type-page","status-publish","hentry"],"_links":{"self":[{"href":"https:\/\/www.blendpf.com.br\/site\/wp-json\/wp\/v2\/pages\/277"}],"collection":[{"href":"https:\/\/www.blendpf.com.br\/site\/wp-json\/wp\/v2\/pages"}],"about":[{"href":"https:\/\/www.blendpf.com.br\/site\/wp-json\/wp\/v2\/types\/page"}],"author":[{"embeddable":true,"href":"https:\/\/www.blendpf.com.br\/site\/wp-json\/wp\/v2\/users\/1"}],"replies":[{"embeddable":true,"href":"https:\/\/www.blendpf.com.br\/site\/wp-json\/wp\/v2\/comments?post=277"}],"version-history":[{"count":4,"href":"https:\/\/www.blendpf.com.br\/site\/wp-json\/wp\/v2\/pages\/277\/revisions"}],"predecessor-version":[{"id":292,"href":"https:\/\/www.blendpf.com.br\/site\/wp-json\/wp\/v2\/pages\/277\/revisions\/292"}],"wp:attachment":[{"href":"https:\/\/www.blendpf.com.br\/site\/wp-json\/wp\/v2\/media?parent=277"}],"curies":[{"name":"wp","href":"https:\/\/api.w.org\/{rel}","templated":true}]}}