{"id":9,"date":"2021-05-18T22:47:04","date_gmt":"2021-05-18T22:47:04","guid":{"rendered":"https:\/\/www.blendpf.com.br\/site\/?page_id=9"},"modified":"2022-01-25T14:14:16","modified_gmt":"2022-01-25T17:14:16","slug":"inicio","status":"publish","type":"page","link":"https:\/\/www.blendpf.com.br\/site\/","title":{"rendered":"In\u00edcio"},"content":{"rendered":"<div style=\"display: none;\">\n<p>antimofo passo fundo aditivos para panifica\u00e7\u00e3o e industria alimentar passo fundo,blend em passo fundo, p\u00e3es, Passo Fundo RS, p\u00e3es e massas passo fundo<\/p>\n<h1>p\u00e3es em Passo Fundo,\u00a0consultoria passo fundo, aditivos para panifica\u00e7\u00e3o e industria alimentar passo fundo,<\/h1>\n<h2>p\u00e3es em passo fundo, antimofo passo fundo e regi\u00e3o, aditivos para panifica\u00e7\u00e3o e industria alimentar passo fundo em passo fundo, p\u00e3es venda equipamentos massas passo fundo, antimofo em passo fundo rs, p\u00e3es, para passo fundo e regi\u00e3o, p\u00e3es para passo fundo e regi\u00e3o\u00a0massas massas passo fundo de p\u00e3es em passo fundo, antimofo passo fundo e regi\u00e3o, aditivos para panifica\u00e7\u00e3o e industria alimentar passo fundo em passo fundo, p\u00e3es venda equipamentos massas passo fundo, antimofo em passo fundo rs, p\u00e3es,<a href=\"https:\/\/www.blendpf.com.br\">para passo fundo e regi\u00e3o, p\u00e3es para passo fundo e regi\u00e3o\u00a0massas massas passo fundo de p\u00e3es em passo fundo, antimofo passo fundo e regi\u00e3o, aditivos para panifica\u00e7\u00e3o e industria alimentar passo fundo em passo fundo, p\u00e3es venda equipamentos massas passo fundo, antimofo em passo fundo rs, p\u00e3es<\/a>, para passo fundo e regi\u00e3o, p\u00e3es para passo fundo e regi\u00e3o\u00a0massas massas passo fundo de p\u00e3es em passo fundo, antimofo passo fundo e regi\u00e3o, aditivos para panifica\u00e7\u00e3o e industria alimentar passo fundo em passo fundo, p\u00e3es venda equipamentos massas passo fundo, antimofo em passo fundo rs, p\u00e3es, para passo fundo e regi\u00e3o, p\u00e3es para passo fundo e regi\u00e3o\u00a0massas massas passo fundo de p\u00e3es em passo fundo, antimofo passo fundo e regi\u00e3o, aditivos para panifica\u00e7\u00e3o e industria alimentar passo fundo em passo fundo, p\u00e3es venda equipamentos massas passo fundo, antimofo em passo fundo rs, p\u00e3es, para passo fundo e regi\u00e3o,<a href=\"https:\/\/www.blendpf.com.br\/site\">p\u00e3es para passo fundo e regi\u00e3o\u00a0massas massas passo fundo de p\u00e3es em passo fundo, antimofo passo fundo e regi\u00e3o, cria\u00e7\u00e3o de sit<\/a>es em passo fundo, p\u00e3es venda equipamentos massas passo fundo, antimofo em passo fundo rs, p\u00e3es, para passo fundo e regi\u00e3o, p\u00e3es para passo fundo e regi\u00e3o<\/h2>\n<p>[capmassason id=&#8221;attachment_747&#8243; align=&#8221;aligncenter&#8221; width=&#8221;343&#8243;]<a href=\"https:\/\/www.blendpf.com.br\/site\/wp-content\/uploads\/2013\/06\/per\u00edcia-m\u00e9dica-passo-fundo-rs.jpg\"><img decoding=\"async\" class=\"size-full wp-image-747 \" src=\"https:\/\/www.blendpf.com.br\/site\/wp-content\/uploads\/2013\/06\/per\u00edcia-m\u00e9dica-passo-fundo-rs.jpg\" alt=\"massas massas passo fundo de p\u00e3es em Passo Fundo\" width=\"343\" height=\"300\" loading=\"lazy\" \/><\/a> massas massas passo fundo de p\u00e3es em Passo Fundo[\/capmassason]<\/p>\n<\/div>\n","protected":false},"excerpt":{"rendered":"<p>antimofo passo fundo aditivos para panifica\u00e7\u00e3o e industria alimentar passo fundo,blend em passo fundo, p\u00e3es, [&hellip;]<\/p>\n","protected":false},"author":1,"featured_media":0,"parent":0,"menu_order":0,"comment_status":"closed","ping_status":"closed","template":"template-inicio.php","meta":{"footnotes":""},"class_list":["post-9","page","type-page","status-publish","hentry"],"_links":{"self":[{"href":"https:\/\/www.blendpf.com.br\/site\/wp-json\/wp\/v2\/pages\/9"}],"collection":[{"href":"https:\/\/www.blendpf.com.br\/site\/wp-json\/wp\/v2\/pages"}],"about":[{"href":"https:\/\/www.blendpf.com.br\/site\/wp-json\/wp\/v2\/types\/page"}],"author":[{"embeddable":true,"href":"https:\/\/www.blendpf.com.br\/site\/wp-json\/wp\/v2\/users\/1"}],"replies":[{"embeddable":true,"href":"https:\/\/www.blendpf.com.br\/site\/wp-json\/wp\/v2\/comments?post=9"}],"version-history":[{"count":3,"href":"https:\/\/www.blendpf.com.br\/site\/wp-json\/wp\/v2\/pages\/9\/revisions"}],"predecessor-version":[{"id":258,"href":"https:\/\/www.blendpf.com.br\/site\/wp-json\/wp\/v2\/pages\/9\/revisions\/258"}],"wp:attachment":[{"href":"https:\/\/www.blendpf.com.br\/site\/wp-json\/wp\/v2\/media?parent=9"}],"curies":[{"name":"wp","href":"https:\/\/api.w.org\/{rel}","templated":true}]}}